{"id":7827,"date":"2023-10-25T11:22:08","date_gmt":"2023-10-25T11:22:08","guid":{"rendered":"https:\/\/new.camgems.com\/descargas\/"},"modified":"2025-11-06T21:16:45","modified_gmt":"2025-11-06T21:16:45","slug":"descargas","status":"publish","type":"page","link":"https:\/\/camgems.com\/es\/descargas\/","title":{"rendered":"Descargas"},"content":{"rendered":"\n<p><\/p>\n\n<h5 id=\"aplicacion-de-escritorio-streamster-para-windows\" class=\"wp-block-heading\">Aplicaci\u00f3n de escritorio Streamster (para Windows)<\/h5>\n\n<div class=\"cnvs-block-alert cnvs-block-alert-1700691247593\" >\n\t<div class=\"cnvs-block-alert-inner\">\n\t\t\n\n<p class=\"has-medium-font-size\"><a href=\"https:\/\/streamster.io\/start\/download-now\/\">Descargar desde el sitio web oficial<\/a><\/p>\n\n\t<\/div>\n\t<\/div>\n\n<div class=\"cnvs-block-alert cnvs-block-alert-1700691279358\" >\n\t<div class=\"cnvs-block-alert-inner\">\n\t\t\n\n<p class=\"has-medium-font-size\"><a href=\"https:\/\/apps.microsoft.com\/store\/detail\/streamster\/XP9CB3NX0NZNZW\">Descargar desde la Microsoft Store<\/a><\/p>\n\n\t<\/div>\n\t<\/div>\n\n<h5 id=\"aplicacion-movil-streamster\" class=\"wp-block-heading\">Aplicaci\u00f3n m\u00f3vil Streamster<\/h5>\n\n<div class=\"cnvs-block-alert cnvs-block-alert-1700691366529\" >\n\t<div class=\"cnvs-block-alert-inner\">\n\t\t\n\n<p class=\"has-medium-font-size\"><a href=\"https:\/\/play.google.com\/store\/apps\/details?id=io.streamster\">Descargar desde Google Play<\/a><\/p>\n\n\t<\/div>\n\t<\/div>\n\n<div class=\"cnvs-block-alert cnvs-block-alert-1700691431189\" >\n\t<div class=\"cnvs-block-alert-inner\">\n\t\t\n\n<p class=\"has-medium-font-size\"><a href=\"https:\/\/apps.apple.com\/app\/id1578293910\">Descargar desde la App Store<\/a><\/p>\n\n\t<\/div>\n\t<\/div>\n\n<p><\/p>\n\n<div style=\"height:30px\" aria-hidden=\"true\" class=\"wp-block-spacer\"><\/div>\n\n<div class=\"wp-block-group has-gray-200-background-color has-background is-vertical is-content-justification-center is-layout-flex wp-container-core-group-is-layout-4b2eccd6 wp-block-group-is-layout-flex\">\n<p>Crea una cuenta gratuita de Streamster con CamGems y obt\u00e9n un bono de bienvenida de 10 $ en tu dep\u00f3sito<\/p>\n\n\n\n<div class=\"wp-block-buttons is-layout-flex wp-block-buttons-is-layout-flex\">\n<div class=\"wp-block-button is-style-fill cnvs-block-core-button-1714916792741\"><a class=\"wp-block-button__link wp-element-button\" href=\"https:\/\/app.streamster.io\/register\/85da688b5da2\" target=\"_blank\" rel=\"noreferrer noopener\">Crear una cuenta<\/a><\/div>\n<\/div>\n<\/div>\n","protected":false},"excerpt":{"rendered":"Aplicaci\u00f3n de escritorio Streamster (para Windows) Aplicaci\u00f3n m\u00f3vil Streamster Crea una cuenta gratuita de Streamster con CamGems y&hellip;\n","protected":false},"author":1,"featured_media":0,"parent":0,"menu_order":0,"comment_status":"closed","ping_status":"closed","template":"","meta":{"csco_singular_sidebar":"","csco_page_header_type":"","csco_custom_appearance":"","csco_disable_excerpt_posts_layout":false,"csco_page_load_nextpost":"","csco_post_video_location":[],"csco_post_video_location_hash":"","csco_post_video_url":"","csco_post_video_bg_start_time":0,"csco_post_video_bg_end_time":0,"footnotes":""},"class_list":{"0":"post-7827","1":"page","2":"type-page","3":"status-publish","5":"cs-entry","6":"cs-video-wrap"},"yoast_head":"<!-- This site is optimized with the Yoast SEO plugin v26.2 - https:\/\/yoast.com\/wordpress\/plugins\/seo\/ -->\n<title>Descargas - CamGems<\/title>\n<meta name=\"robots\" content=\"index, follow, max-snippet:-1, max-image-preview:large, max-video-preview:-1\" \/>\n<link rel=\"canonical\" href=\"https:\/\/camgems.com\/downloads\/\" \/>\n<meta property=\"og:locale\" content=\"es_ES\" \/>\n<meta property=\"og:type\" content=\"article\" \/>\n<meta property=\"og:title\" content=\"Descargas - CamGems\" \/>\n<meta property=\"og:description\" content=\"Aplicaci\u00f3n de escritorio Streamster (para Windows) Aplicaci\u00f3n m\u00f3vil Streamster Crea una cuenta gratuita de Streamster con CamGems y&hellip;\" \/>\n<meta property=\"og:url\" content=\"https:\/\/camgems.com\/downloads\/\" \/>\n<meta property=\"og:site_name\" content=\"CamGems\" \/>\n<meta property=\"article:modified_time\" content=\"2025-11-06T21:16:45+00:00\" \/>\n<meta name=\"twitter:card\" content=\"summary_large_image\" \/>\n<meta name=\"twitter:site\" content=\"@HelloCamgems\" \/>\n<script type=\"application\/ld+json\" class=\"yoast-schema-graph\">{\"@context\":\"https:\/\/schema.org\",\"@graph\":[{\"@type\":\"WebPage\",\"@id\":\"https:\/\/camgems.com\/downloads\/\",\"url\":\"https:\/\/camgems.com\/downloads\/\",\"name\":\"Descargas - CamGems\",\"isPartOf\":{\"@id\":\"https:\/\/camgems.com\/#website\"},\"datePublished\":\"2023-10-25T11:22:08+00:00\",\"dateModified\":\"2025-11-06T21:16:45+00:00\",\"breadcrumb\":{\"@id\":\"https:\/\/camgems.com\/downloads\/#breadcrumb\"},\"inLanguage\":\"es\",\"potentialAction\":[{\"@type\":\"ReadAction\",\"target\":[\"https:\/\/camgems.com\/downloads\/\"]}]},{\"@type\":\"BreadcrumbList\",\"@id\":\"https:\/\/camgems.com\/downloads\/#breadcrumb\",\"itemListElement\":[{\"@type\":\"ListItem\",\"position\":1,\"name\":\"Home\",\"item\":\"https:\/\/camgems.com\/\"},{\"@type\":\"ListItem\",\"position\":2,\"name\":\"Descargas\"}]},{\"@type\":\"WebSite\",\"@id\":\"https:\/\/camgems.com\/#website\",\"url\":\"https:\/\/camgems.com\/\",\"name\":\"CamGems\",\"description\":\"Livestreaming guides for cam models\",\"publisher\":{\"@id\":\"https:\/\/camgems.com\/#organization\"},\"potentialAction\":[{\"@type\":\"SearchAction\",\"target\":{\"@type\":\"EntryPoint\",\"urlTemplate\":\"https:\/\/camgems.com\/?s={search_term_string}\"},\"query-input\":{\"@type\":\"PropertyValueSpecification\",\"valueRequired\":true,\"valueName\":\"search_term_string\"}}],\"inLanguage\":\"es\"},{\"@type\":\"Organization\",\"@id\":\"https:\/\/camgems.com\/#organization\",\"name\":\"CamGems\",\"url\":\"https:\/\/camgems.com\/\",\"logo\":{\"@type\":\"ImageObject\",\"inLanguage\":\"es\",\"@id\":\"https:\/\/camgems.com\/#\/schema\/logo\/image\/\",\"url\":\"https:\/\/camgems.com\/wp-content\/uploads\/2025\/10\/cropped-camgems_logo_small.png\",\"contentUrl\":\"https:\/\/camgems.com\/wp-content\/uploads\/2025\/10\/cropped-camgems_logo_small.png\",\"width\":512,\"height\":512,\"caption\":\"CamGems\"},\"image\":{\"@id\":\"https:\/\/camgems.com\/#\/schema\/logo\/image\/\"},\"sameAs\":[\"https:\/\/x.com\/HelloCamgems\",\"https:\/\/www.instagram.com\/camgems\"]}]}<\/script>\n<!-- \/ Yoast SEO plugin. -->","yoast_head_json":{"title":"Descargas - CamGems","robots":{"index":"index","follow":"follow","max-snippet":"max-snippet:-1","max-image-preview":"max-image-preview:large","max-video-preview":"max-video-preview:-1"},"canonical":"https:\/\/camgems.com\/downloads\/","og_locale":"es_ES","og_type":"article","og_title":"Descargas - CamGems","og_description":"Aplicaci\u00f3n de escritorio Streamster (para Windows) Aplicaci\u00f3n m\u00f3vil Streamster Crea una cuenta gratuita de Streamster con CamGems y&hellip;","og_url":"https:\/\/camgems.com\/downloads\/","og_site_name":"CamGems","article_modified_time":"2025-11-06T21:16:45+00:00","twitter_card":"summary_large_image","twitter_site":"@HelloCamgems","schema":{"@context":"https:\/\/schema.org","@graph":[{"@type":"WebPage","@id":"https:\/\/camgems.com\/downloads\/","url":"https:\/\/camgems.com\/downloads\/","name":"Descargas - CamGems","isPartOf":{"@id":"https:\/\/camgems.com\/#website"},"datePublished":"2023-10-25T11:22:08+00:00","dateModified":"2025-11-06T21:16:45+00:00","breadcrumb":{"@id":"https:\/\/camgems.com\/downloads\/#breadcrumb"},"inLanguage":"es","potentialAction":[{"@type":"ReadAction","target":["https:\/\/camgems.com\/downloads\/"]}]},{"@type":"BreadcrumbList","@id":"https:\/\/camgems.com\/downloads\/#breadcrumb","itemListElement":[{"@type":"ListItem","position":1,"name":"Home","item":"https:\/\/camgems.com\/"},{"@type":"ListItem","position":2,"name":"Descargas"}]},{"@type":"WebSite","@id":"https:\/\/camgems.com\/#website","url":"https:\/\/camgems.com\/","name":"CamGems","description":"Livestreaming guides for cam models","publisher":{"@id":"https:\/\/camgems.com\/#organization"},"potentialAction":[{"@type":"SearchAction","target":{"@type":"EntryPoint","urlTemplate":"https:\/\/camgems.com\/?s={search_term_string}"},"query-input":{"@type":"PropertyValueSpecification","valueRequired":true,"valueName":"search_term_string"}}],"inLanguage":"es"},{"@type":"Organization","@id":"https:\/\/camgems.com\/#organization","name":"CamGems","url":"https:\/\/camgems.com\/","logo":{"@type":"ImageObject","inLanguage":"es","@id":"https:\/\/camgems.com\/#\/schema\/logo\/image\/","url":"https:\/\/camgems.com\/wp-content\/uploads\/2025\/10\/cropped-camgems_logo_small.png","contentUrl":"https:\/\/camgems.com\/wp-content\/uploads\/2025\/10\/cropped-camgems_logo_small.png","width":512,"height":512,"caption":"CamGems"},"image":{"@id":"https:\/\/camgems.com\/#\/schema\/logo\/image\/"},"sameAs":["https:\/\/x.com\/HelloCamgems","https:\/\/www.instagram.com\/camgems"]}]}},"_hostinger_reach_plugin_has_subscription_block":false,"_hostinger_reach_plugin_is_elementor":false,"_links":{"self":[{"href":"https:\/\/camgems.com\/es\/wp-json\/wp\/v2\/pages\/7827","targetHints":{"allow":["GET"]}}],"collection":[{"href":"https:\/\/camgems.com\/es\/wp-json\/wp\/v2\/pages"}],"about":[{"href":"https:\/\/camgems.com\/es\/wp-json\/wp\/v2\/types\/page"}],"author":[{"embeddable":true,"href":"https:\/\/camgems.com\/es\/wp-json\/wp\/v2\/users\/1"}],"replies":[{"embeddable":true,"href":"https:\/\/camgems.com\/es\/wp-json\/wp\/v2\/comments?post=7827"}],"version-history":[{"count":1,"href":"https:\/\/camgems.com\/es\/wp-json\/wp\/v2\/pages\/7827\/revisions"}],"predecessor-version":[{"id":7828,"href":"https:\/\/camgems.com\/es\/wp-json\/wp\/v2\/pages\/7827\/revisions\/7828"}],"wp:attachment":[{"href":"https:\/\/camgems.com\/es\/wp-json\/wp\/v2\/media?parent=7827"}],"curies":[{"name":"wp","href":"https:\/\/api.w.org\/{rel}","templated":true}]}}