{"id":7823,"date":"2023-12-02T15:41:40","date_gmt":"2023-12-02T15:41:40","guid":{"rendered":"https:\/\/new.camgems.com\/acerca-de\/"},"modified":"2025-11-06T21:06:27","modified_gmt":"2025-11-06T21:06:27","slug":"acerca-de","status":"publish","type":"page","link":"https:\/\/camgems.com\/es\/acerca-de\/","title":{"rendered":"Acerca de"},"content":{"rendered":"\n<p>Bienvenido a <strong>CamGems<\/strong>, donde nos dedicamos a capacitar a las cammodels con el conocimiento y las herramientas que necesitan para prosperar en el din\u00e1mico mundo de la creaci\u00f3n de contenido en l\u00ednea. Entendemos que el \u00e9xito en la industria del camming va m\u00e1s all\u00e1 del carisma y la apariencia: tambi\u00e9n se trata de dominar los aspectos t\u00e9cnicos que contribuyen a una experiencia de transmisi\u00f3n fluida y cautivadora.<\/p>\n\n<p>En el coraz\u00f3n de nuestra misi\u00f3n est\u00e1 el compromiso de brindar orientaci\u00f3n integral sobre las complejidades t\u00e9cnicas del modelado webcam. Reconocemos que navegar por el software de transmisi\u00f3n, optimizar las preferencias y mejorar el atractivo visual con superposiciones son elementos fundamentales para crear una presencia en l\u00ednea exitosa. Nuestro objetivo es proporcionar a las cammodels el conocimiento y los recursos necesarios para mejorar su rendimiento e involucrar a su audiencia de manera efectiva.<\/p>\n\n<p>Nuestro equipo de expertos est\u00e1 formado por profesionales experimentados con un profundo conocimiento del panorama t\u00e9cnico del modelado webcam. Le brindamos informaci\u00f3n de vanguardia sobre el software de transmisi\u00f3n m\u00e1s reciente, recomendaciones de hardware y t\u00e9cnicas avanzadas para garantizar una transmisi\u00f3n fluida y de alta calidad. CamGems se compromete a proporcionar recomendaciones imparciales. Entendemos que el viaje de cada cammodel es \u00fanico, y nuestras gu\u00edas est\u00e1n dise\u00f1adas para ofrecer una variedad de opciones, lo que le permite elegir lo que mejor se adapte a su estilo individual, preferencias y sitios de c\u00e1mara elegidos.<\/p>\n\n<p>El mundo del cam modeling est\u00e1 en constante evoluci\u00f3n, al igual que las herramientas y tecnolog\u00edas que lo respaldan. Nos mantenemos a la vanguardia actualizando peri\u00f3dicamente nuestro contenido para reflejar las \u00faltimas tendencias, actualizaciones de software y mejores pr\u00e1cticas de la industria.<\/p>\n\n<p>Ya sea que est\u00e9 comenzando o buscando perfeccionar sus habilidades, CamGems es su fuente de referencia para obtener experiencia t\u00e9cnica y orientaci\u00f3n en el mundo del modelado webcam. Empod\u00e9rate, eleva tu rendimiento y cautiva a tu audiencia con el conocimiento que obtienes de CamGems. \u00a1Bienvenido a una comunidad donde la excelencia t\u00e9cnica se une a la expresi\u00f3n creativa!<\/p>\n\n<p><\/p>\n","protected":false},"excerpt":{"rendered":"Bienvenido a CamGems, donde nos dedicamos a capacitar a las cammodels con el conocimiento y las herramientas que&hellip;\n","protected":false},"author":1,"featured_media":0,"parent":0,"menu_order":0,"comment_status":"closed","ping_status":"closed","template":"","meta":{"csco_singular_sidebar":"","csco_page_header_type":"","csco_custom_appearance":"","csco_disable_excerpt_posts_layout":false,"csco_page_load_nextpost":"","csco_post_video_location":[],"csco_post_video_location_hash":"","csco_post_video_url":"","csco_post_video_bg_start_time":0,"csco_post_video_bg_end_time":0,"footnotes":""},"class_list":{"0":"post-7823","1":"page","2":"type-page","3":"status-publish","5":"cs-entry","6":"cs-video-wrap"},"yoast_head":"<!-- This site is optimized with the Yoast SEO plugin v26.2 - https:\/\/yoast.com\/wordpress\/plugins\/seo\/ -->\n<title>Acerca de - CamGems<\/title>\n<meta name=\"robots\" content=\"index, follow, max-snippet:-1, max-image-preview:large, max-video-preview:-1\" \/>\n<link rel=\"canonical\" href=\"https:\/\/camgems.com\/about\/\" \/>\n<meta property=\"og:locale\" content=\"es_ES\" \/>\n<meta property=\"og:type\" content=\"article\" \/>\n<meta property=\"og:title\" content=\"Acerca de - CamGems\" \/>\n<meta property=\"og:description\" content=\"Bienvenido a CamGems, donde nos dedicamos a capacitar a las cammodels con el conocimiento y las herramientas que&hellip;\" \/>\n<meta property=\"og:url\" content=\"https:\/\/camgems.com\/about\/\" \/>\n<meta property=\"og:site_name\" content=\"CamGems\" \/>\n<meta property=\"article:modified_time\" content=\"2025-11-06T21:06:27+00:00\" \/>\n<meta name=\"twitter:card\" content=\"summary_large_image\" \/>\n<meta name=\"twitter:site\" content=\"@HelloCamgems\" \/>\n<meta name=\"twitter:label1\" content=\"Tiempo de lectura\" \/>\n\t<meta name=\"twitter:data1\" content=\"2 minutos\" \/>\n<script type=\"application\/ld+json\" class=\"yoast-schema-graph\">{\"@context\":\"https:\/\/schema.org\",\"@graph\":[{\"@type\":\"WebPage\",\"@id\":\"https:\/\/camgems.com\/about\/\",\"url\":\"https:\/\/camgems.com\/about\/\",\"name\":\"Acerca de - CamGems\",\"isPartOf\":{\"@id\":\"https:\/\/camgems.com\/#website\"},\"datePublished\":\"2023-12-02T15:41:40+00:00\",\"dateModified\":\"2025-11-06T21:06:27+00:00\",\"breadcrumb\":{\"@id\":\"https:\/\/camgems.com\/about\/#breadcrumb\"},\"inLanguage\":\"es\",\"potentialAction\":[{\"@type\":\"ReadAction\",\"target\":[\"https:\/\/camgems.com\/about\/\"]}]},{\"@type\":\"BreadcrumbList\",\"@id\":\"https:\/\/camgems.com\/about\/#breadcrumb\",\"itemListElement\":[{\"@type\":\"ListItem\",\"position\":1,\"name\":\"Home\",\"item\":\"https:\/\/camgems.com\/\"},{\"@type\":\"ListItem\",\"position\":2,\"name\":\"Acerca de\"}]},{\"@type\":\"WebSite\",\"@id\":\"https:\/\/camgems.com\/#website\",\"url\":\"https:\/\/camgems.com\/\",\"name\":\"CamGems\",\"description\":\"Livestreaming guides for cam models\",\"publisher\":{\"@id\":\"https:\/\/camgems.com\/#organization\"},\"potentialAction\":[{\"@type\":\"SearchAction\",\"target\":{\"@type\":\"EntryPoint\",\"urlTemplate\":\"https:\/\/camgems.com\/?s={search_term_string}\"},\"query-input\":{\"@type\":\"PropertyValueSpecification\",\"valueRequired\":true,\"valueName\":\"search_term_string\"}}],\"inLanguage\":\"es\"},{\"@type\":\"Organization\",\"@id\":\"https:\/\/camgems.com\/#organization\",\"name\":\"CamGems\",\"url\":\"https:\/\/camgems.com\/\",\"logo\":{\"@type\":\"ImageObject\",\"inLanguage\":\"es\",\"@id\":\"https:\/\/camgems.com\/#\/schema\/logo\/image\/\",\"url\":\"https:\/\/camgems.com\/wp-content\/uploads\/2025\/10\/cropped-camgems_logo_small.png\",\"contentUrl\":\"https:\/\/camgems.com\/wp-content\/uploads\/2025\/10\/cropped-camgems_logo_small.png\",\"width\":512,\"height\":512,\"caption\":\"CamGems\"},\"image\":{\"@id\":\"https:\/\/camgems.com\/#\/schema\/logo\/image\/\"},\"sameAs\":[\"https:\/\/x.com\/HelloCamgems\",\"https:\/\/www.instagram.com\/camgems\"]}]}<\/script>\n<!-- \/ Yoast SEO plugin. -->","yoast_head_json":{"title":"Acerca de - CamGems","robots":{"index":"index","follow":"follow","max-snippet":"max-snippet:-1","max-image-preview":"max-image-preview:large","max-video-preview":"max-video-preview:-1"},"canonical":"https:\/\/camgems.com\/about\/","og_locale":"es_ES","og_type":"article","og_title":"Acerca de - CamGems","og_description":"Bienvenido a CamGems, donde nos dedicamos a capacitar a las cammodels con el conocimiento y las herramientas que&hellip;","og_url":"https:\/\/camgems.com\/about\/","og_site_name":"CamGems","article_modified_time":"2025-11-06T21:06:27+00:00","twitter_card":"summary_large_image","twitter_site":"@HelloCamgems","twitter_misc":{"Tiempo de lectura":"2 minutos"},"schema":{"@context":"https:\/\/schema.org","@graph":[{"@type":"WebPage","@id":"https:\/\/camgems.com\/about\/","url":"https:\/\/camgems.com\/about\/","name":"Acerca de - CamGems","isPartOf":{"@id":"https:\/\/camgems.com\/#website"},"datePublished":"2023-12-02T15:41:40+00:00","dateModified":"2025-11-06T21:06:27+00:00","breadcrumb":{"@id":"https:\/\/camgems.com\/about\/#breadcrumb"},"inLanguage":"es","potentialAction":[{"@type":"ReadAction","target":["https:\/\/camgems.com\/about\/"]}]},{"@type":"BreadcrumbList","@id":"https:\/\/camgems.com\/about\/#breadcrumb","itemListElement":[{"@type":"ListItem","position":1,"name":"Home","item":"https:\/\/camgems.com\/"},{"@type":"ListItem","position":2,"name":"Acerca de"}]},{"@type":"WebSite","@id":"https:\/\/camgems.com\/#website","url":"https:\/\/camgems.com\/","name":"CamGems","description":"Livestreaming guides for cam models","publisher":{"@id":"https:\/\/camgems.com\/#organization"},"potentialAction":[{"@type":"SearchAction","target":{"@type":"EntryPoint","urlTemplate":"https:\/\/camgems.com\/?s={search_term_string}"},"query-input":{"@type":"PropertyValueSpecification","valueRequired":true,"valueName":"search_term_string"}}],"inLanguage":"es"},{"@type":"Organization","@id":"https:\/\/camgems.com\/#organization","name":"CamGems","url":"https:\/\/camgems.com\/","logo":{"@type":"ImageObject","inLanguage":"es","@id":"https:\/\/camgems.com\/#\/schema\/logo\/image\/","url":"https:\/\/camgems.com\/wp-content\/uploads\/2025\/10\/cropped-camgems_logo_small.png","contentUrl":"https:\/\/camgems.com\/wp-content\/uploads\/2025\/10\/cropped-camgems_logo_small.png","width":512,"height":512,"caption":"CamGems"},"image":{"@id":"https:\/\/camgems.com\/#\/schema\/logo\/image\/"},"sameAs":["https:\/\/x.com\/HelloCamgems","https:\/\/www.instagram.com\/camgems"]}]}},"_hostinger_reach_plugin_has_subscription_block":false,"_hostinger_reach_plugin_is_elementor":false,"_links":{"self":[{"href":"https:\/\/camgems.com\/es\/wp-json\/wp\/v2\/pages\/7823","targetHints":{"allow":["GET"]}}],"collection":[{"href":"https:\/\/camgems.com\/es\/wp-json\/wp\/v2\/pages"}],"about":[{"href":"https:\/\/camgems.com\/es\/wp-json\/wp\/v2\/types\/page"}],"author":[{"embeddable":true,"href":"https:\/\/camgems.com\/es\/wp-json\/wp\/v2\/users\/1"}],"replies":[{"embeddable":true,"href":"https:\/\/camgems.com\/es\/wp-json\/wp\/v2\/comments?post=7823"}],"version-history":[{"count":1,"href":"https:\/\/camgems.com\/es\/wp-json\/wp\/v2\/pages\/7823\/revisions"}],"predecessor-version":[{"id":7824,"href":"https:\/\/camgems.com\/es\/wp-json\/wp\/v2\/pages\/7823\/revisions\/7824"}],"wp:attachment":[{"href":"https:\/\/camgems.com\/es\/wp-json\/wp\/v2\/media?parent=7823"}],"curies":[{"name":"wp","href":"https:\/\/api.w.org\/{rel}","templated":true}]}}