{"id":7819,"date":"2024-10-22T16:34:03","date_gmt":"2024-10-22T16:34:03","guid":{"rendered":"https:\/\/new.camgems.com\/programa-de-referidos\/"},"modified":"2025-11-06T21:04:16","modified_gmt":"2025-11-06T21:04:16","slug":"programa-de-referidos","status":"publish","type":"page","link":"https:\/\/camgems.com\/es\/programa-de-referidos\/","title":{"rendered":"Programa de referidos"},"content":{"rendered":"\n<p>Si utilizas Streamster y ya est\u00e1s convencido de la calidad de nuestros servicios, o si eres un editor que genera ingresos a trav\u00e9s del marketing de afiliaci\u00f3n, te invitamos a unirte a nuestro programa de recompensas. Puedes ayudarnos a contarle al mundo sobre nuestros productos y ganar algo de dinero.<\/p>\n\n<h5 id=\"deja-que-tus-amigos-obtengan-beneficios-al-registrarse-en-streamster\" class=\"wp-block-heading cnvs-block-core-heading-1729603852810\">Deja que tus amigos obtengan beneficios al registrarse en Streamster\u2026<\/h5>\n\n<p class=\"cnvs-block-core-paragraph-1729603877330\">Los usuarios que creen una cuenta con tu enlace de referencia o c\u00f3digo promocional reciben un bono de 10 $ en sus dep\u00f3sitos. Se puede utilizar para cualquier servicio de pago de Streamster que necesiten, incluidas las suscripciones y los pagos por uso.<\/p>\n\n<h5 id=\"y-recibe-pagos-cuando-se-actualicen\" class=\"wp-block-heading cnvs-block-core-heading-1729603894392\">\u2026y recibe pagos cuando se actualicen<\/h5>\n\n<p class=\"cnvs-block-core-paragraph-1729603914474\">Obt\u00e9n una recompensa de 10 $ una vez que tu referido compre cualquier suscripci\u00f3n de pago y el 10% de todas sus compras con Streamster de por vida. Utiliza tu recompensa para pagar cualquier servicio de Streamster o ret\u00edrala en efectivo.<\/p>\n\n<figure class=\"wp-block-image size-full\"><img decoding=\"async\" width=\"600\" height=\"359\" src=\"https:\/\/new.camgems.com\/wp-content\/uploads\/2024\/10\/referral_600.jpg-1.webp\" alt=\"\" class=\"wp-image-5595\" srcset=\"https:\/\/camgems.com\/wp-content\/uploads\/2024\/10\/referral_600.jpg-1.webp 600w, https:\/\/camgems.com\/wp-content\/uploads\/2024\/10\/referral_600.jpg-1-300x180.webp 300w, https:\/\/camgems.com\/wp-content\/uploads\/2024\/10\/referral_600.jpg-1-380x227.webp 380w\" sizes=\"(max-width: 600px) 100vw, 600px\" \/><\/figure>\n\n<p><\/p>\n\n<div style=\"height:30px\" aria-hidden=\"true\" class=\"wp-block-spacer\"><\/div>\n\n<div class=\"wp-block-columns is-layout-flex wp-container-core-columns-is-layout-9d6595d7 wp-block-columns-is-layout-flex\">\n<div class=\"wp-block-column is-layout-flow wp-block-column-is-layout-flow\">\n<div class=\"wp-block-buttons is-layout-flex wp-block-buttons-is-layout-flex\">\n<div class=\"wp-block-button\"><a class=\"wp-block-button__link wp-element-button\" href=\"https:\/\/app.streamster.io\/refer-a-friend\">Empieza a ganar<\/a><\/div>\n<\/div>\n<\/div>\n\n\n\n<div class=\"wp-block-column is-layout-flow wp-block-column-is-layout-flow\">\n<div class=\"wp-block-buttons is-layout-flex wp-block-buttons-is-layout-flex\">\n<div class=\"wp-block-button\"><a class=\"wp-block-button__link has-black-background-color has-background wp-element-button\" href=\"https:\/\/docs.streamster.io\/docs\/account\/affiliate-program-5707\/getting-started-with-streamster-referral-program-7994\/\">leer m\u00e1s<\/a><\/div>\n<\/div>\n<\/div>\n<\/div>\n\n<p><\/p>\n","protected":false},"excerpt":{"rendered":"Si utilizas Streamster y ya est\u00e1s convencido de la calidad de nuestros servicios, o si eres un editor&hellip;\n","protected":false},"author":1,"featured_media":0,"parent":0,"menu_order":0,"comment_status":"closed","ping_status":"closed","template":"","meta":{"csco_singular_sidebar":"","csco_page_header_type":"","csco_custom_appearance":"","csco_disable_excerpt_posts_layout":false,"csco_page_load_nextpost":"","csco_post_video_location":[],"csco_post_video_location_hash":"","csco_post_video_url":"","csco_post_video_bg_start_time":0,"csco_post_video_bg_end_time":0,"footnotes":""},"class_list":{"0":"post-7819","1":"page","2":"type-page","3":"status-publish","5":"cs-entry","6":"cs-video-wrap"},"yoast_head":"<!-- This site is optimized with the Yoast SEO plugin v26.2 - https:\/\/yoast.com\/wordpress\/plugins\/seo\/ -->\n<title>Programa de referidos - CamGems<\/title>\n<meta name=\"robots\" content=\"index, follow, max-snippet:-1, max-image-preview:large, max-video-preview:-1\" \/>\n<link rel=\"canonical\" href=\"https:\/\/camgems.com\/referral-program\/\" \/>\n<meta property=\"og:locale\" content=\"es_ES\" \/>\n<meta property=\"og:type\" content=\"article\" \/>\n<meta property=\"og:title\" content=\"Programa de referidos - CamGems\" \/>\n<meta property=\"og:description\" content=\"Si utilizas Streamster y ya est\u00e1s convencido de la calidad de nuestros servicios, o si eres un editor&hellip;\" \/>\n<meta property=\"og:url\" content=\"https:\/\/camgems.com\/referral-program\/\" \/>\n<meta property=\"og:site_name\" content=\"CamGems\" \/>\n<meta property=\"article:modified_time\" content=\"2025-11-06T21:04:16+00:00\" \/>\n<meta property=\"og:image\" content=\"https:\/\/new.camgems.com\/wp-content\/uploads\/2024\/10\/referral_600.jpg-1.webp\" \/>\n<meta name=\"twitter:card\" content=\"summary_large_image\" \/>\n<meta name=\"twitter:site\" content=\"@HelloCamgems\" \/>\n<meta name=\"twitter:label1\" content=\"Tiempo de lectura\" \/>\n\t<meta name=\"twitter:data1\" content=\"1 minuto\" \/>\n<script type=\"application\/ld+json\" class=\"yoast-schema-graph\">{\"@context\":\"https:\/\/schema.org\",\"@graph\":[{\"@type\":\"WebPage\",\"@id\":\"https:\/\/camgems.com\/referral-program\/\",\"url\":\"https:\/\/camgems.com\/referral-program\/\",\"name\":\"Programa de referidos - CamGems\",\"isPartOf\":{\"@id\":\"https:\/\/camgems.com\/#website\"},\"primaryImageOfPage\":{\"@id\":\"https:\/\/camgems.com\/referral-program\/#primaryimage\"},\"image\":{\"@id\":\"https:\/\/camgems.com\/referral-program\/#primaryimage\"},\"thumbnailUrl\":\"https:\/\/new.camgems.com\/wp-content\/uploads\/2024\/10\/referral_600.jpg-1.webp\",\"datePublished\":\"2024-10-22T16:34:03+00:00\",\"dateModified\":\"2025-11-06T21:04:16+00:00\",\"breadcrumb\":{\"@id\":\"https:\/\/camgems.com\/referral-program\/#breadcrumb\"},\"inLanguage\":\"es\",\"potentialAction\":[{\"@type\":\"ReadAction\",\"target\":[\"https:\/\/camgems.com\/referral-program\/\"]}]},{\"@type\":\"ImageObject\",\"inLanguage\":\"es\",\"@id\":\"https:\/\/camgems.com\/referral-program\/#primaryimage\",\"url\":\"https:\/\/new.camgems.com\/wp-content\/uploads\/2024\/10\/referral_600.jpg-1.webp\",\"contentUrl\":\"https:\/\/new.camgems.com\/wp-content\/uploads\/2024\/10\/referral_600.jpg-1.webp\"},{\"@type\":\"BreadcrumbList\",\"@id\":\"https:\/\/camgems.com\/referral-program\/#breadcrumb\",\"itemListElement\":[{\"@type\":\"ListItem\",\"position\":1,\"name\":\"Home\",\"item\":\"https:\/\/camgems.com\/\"},{\"@type\":\"ListItem\",\"position\":2,\"name\":\"Programa de referidos\"}]},{\"@type\":\"WebSite\",\"@id\":\"https:\/\/camgems.com\/#website\",\"url\":\"https:\/\/camgems.com\/\",\"name\":\"CamGems\",\"description\":\"Livestreaming guides for cam models\",\"publisher\":{\"@id\":\"https:\/\/camgems.com\/#organization\"},\"potentialAction\":[{\"@type\":\"SearchAction\",\"target\":{\"@type\":\"EntryPoint\",\"urlTemplate\":\"https:\/\/camgems.com\/?s={search_term_string}\"},\"query-input\":{\"@type\":\"PropertyValueSpecification\",\"valueRequired\":true,\"valueName\":\"search_term_string\"}}],\"inLanguage\":\"es\"},{\"@type\":\"Organization\",\"@id\":\"https:\/\/camgems.com\/#organization\",\"name\":\"CamGems\",\"url\":\"https:\/\/camgems.com\/\",\"logo\":{\"@type\":\"ImageObject\",\"inLanguage\":\"es\",\"@id\":\"https:\/\/camgems.com\/#\/schema\/logo\/image\/\",\"url\":\"https:\/\/camgems.com\/wp-content\/uploads\/2025\/10\/cropped-camgems_logo_small.png\",\"contentUrl\":\"https:\/\/camgems.com\/wp-content\/uploads\/2025\/10\/cropped-camgems_logo_small.png\",\"width\":512,\"height\":512,\"caption\":\"CamGems\"},\"image\":{\"@id\":\"https:\/\/camgems.com\/#\/schema\/logo\/image\/\"},\"sameAs\":[\"https:\/\/x.com\/HelloCamgems\",\"https:\/\/www.instagram.com\/camgems\"]}]}<\/script>\n<!-- \/ Yoast SEO plugin. -->","yoast_head_json":{"title":"Programa de referidos - CamGems","robots":{"index":"index","follow":"follow","max-snippet":"max-snippet:-1","max-image-preview":"max-image-preview:large","max-video-preview":"max-video-preview:-1"},"canonical":"https:\/\/camgems.com\/referral-program\/","og_locale":"es_ES","og_type":"article","og_title":"Programa de referidos - CamGems","og_description":"Si utilizas Streamster y ya est\u00e1s convencido de la calidad de nuestros servicios, o si eres un editor&hellip;","og_url":"https:\/\/camgems.com\/referral-program\/","og_site_name":"CamGems","article_modified_time":"2025-11-06T21:04:16+00:00","og_image":[{"url":"https:\/\/new.camgems.com\/wp-content\/uploads\/2024\/10\/referral_600.jpg-1.webp","type":"","width":"","height":""}],"twitter_card":"summary_large_image","twitter_site":"@HelloCamgems","twitter_misc":{"Tiempo de lectura":"1 minuto"},"schema":{"@context":"https:\/\/schema.org","@graph":[{"@type":"WebPage","@id":"https:\/\/camgems.com\/referral-program\/","url":"https:\/\/camgems.com\/referral-program\/","name":"Programa de referidos - CamGems","isPartOf":{"@id":"https:\/\/camgems.com\/#website"},"primaryImageOfPage":{"@id":"https:\/\/camgems.com\/referral-program\/#primaryimage"},"image":{"@id":"https:\/\/camgems.com\/referral-program\/#primaryimage"},"thumbnailUrl":"https:\/\/new.camgems.com\/wp-content\/uploads\/2024\/10\/referral_600.jpg-1.webp","datePublished":"2024-10-22T16:34:03+00:00","dateModified":"2025-11-06T21:04:16+00:00","breadcrumb":{"@id":"https:\/\/camgems.com\/referral-program\/#breadcrumb"},"inLanguage":"es","potentialAction":[{"@type":"ReadAction","target":["https:\/\/camgems.com\/referral-program\/"]}]},{"@type":"ImageObject","inLanguage":"es","@id":"https:\/\/camgems.com\/referral-program\/#primaryimage","url":"https:\/\/new.camgems.com\/wp-content\/uploads\/2024\/10\/referral_600.jpg-1.webp","contentUrl":"https:\/\/new.camgems.com\/wp-content\/uploads\/2024\/10\/referral_600.jpg-1.webp"},{"@type":"BreadcrumbList","@id":"https:\/\/camgems.com\/referral-program\/#breadcrumb","itemListElement":[{"@type":"ListItem","position":1,"name":"Home","item":"https:\/\/camgems.com\/"},{"@type":"ListItem","position":2,"name":"Programa de referidos"}]},{"@type":"WebSite","@id":"https:\/\/camgems.com\/#website","url":"https:\/\/camgems.com\/","name":"CamGems","description":"Livestreaming guides for cam models","publisher":{"@id":"https:\/\/camgems.com\/#organization"},"potentialAction":[{"@type":"SearchAction","target":{"@type":"EntryPoint","urlTemplate":"https:\/\/camgems.com\/?s={search_term_string}"},"query-input":{"@type":"PropertyValueSpecification","valueRequired":true,"valueName":"search_term_string"}}],"inLanguage":"es"},{"@type":"Organization","@id":"https:\/\/camgems.com\/#organization","name":"CamGems","url":"https:\/\/camgems.com\/","logo":{"@type":"ImageObject","inLanguage":"es","@id":"https:\/\/camgems.com\/#\/schema\/logo\/image\/","url":"https:\/\/camgems.com\/wp-content\/uploads\/2025\/10\/cropped-camgems_logo_small.png","contentUrl":"https:\/\/camgems.com\/wp-content\/uploads\/2025\/10\/cropped-camgems_logo_small.png","width":512,"height":512,"caption":"CamGems"},"image":{"@id":"https:\/\/camgems.com\/#\/schema\/logo\/image\/"},"sameAs":["https:\/\/x.com\/HelloCamgems","https:\/\/www.instagram.com\/camgems"]}]}},"_hostinger_reach_plugin_has_subscription_block":false,"_hostinger_reach_plugin_is_elementor":false,"_links":{"self":[{"href":"https:\/\/camgems.com\/es\/wp-json\/wp\/v2\/pages\/7819","targetHints":{"allow":["GET"]}}],"collection":[{"href":"https:\/\/camgems.com\/es\/wp-json\/wp\/v2\/pages"}],"about":[{"href":"https:\/\/camgems.com\/es\/wp-json\/wp\/v2\/types\/page"}],"author":[{"embeddable":true,"href":"https:\/\/camgems.com\/es\/wp-json\/wp\/v2\/users\/1"}],"replies":[{"embeddable":true,"href":"https:\/\/camgems.com\/es\/wp-json\/wp\/v2\/comments?post=7819"}],"version-history":[{"count":1,"href":"https:\/\/camgems.com\/es\/wp-json\/wp\/v2\/pages\/7819\/revisions"}],"predecessor-version":[{"id":7820,"href":"https:\/\/camgems.com\/es\/wp-json\/wp\/v2\/pages\/7819\/revisions\/7820"}],"wp:attachment":[{"href":"https:\/\/camgems.com\/es\/wp-json\/wp\/v2\/media?parent=7819"}],"curies":[{"name":"wp","href":"https:\/\/api.w.org\/{rel}","templated":true}]}}